{"id":262,"date":"2022-05-11T10:56:30","date_gmt":"2022-05-11T10:56:30","guid":{"rendered":"https:\/\/www.hotelorit.com\/?page_id=262"},"modified":"2025-11-19T14:50:43","modified_gmt":"2025-11-19T14:50:43","slug":"boka","status":"publish","type":"page","link":"http:\/\/www.hotelorit.com\/en\/boka\/","title":{"rendered":"Boka rum"},"content":{"rendered":"<div data-elementor-type=\"wp-page\" data-elementor-id=\"262\" class=\"elementor elementor-262\" data-elementor-post-type=\"page\">\n\t\t\t\t\t\t<section class=\"elementor-section elementor-top-section elementor-element elementor-element-5471a549 elementor-section-boxed elementor-section-height-default elementor-section-height-default\" data-id=\"5471a549\" data-element_type=\"section\" data-e-type=\"section\">\n\t\t\t\t\t\t<div class=\"elementor-container elementor-column-gap-default\">\n\t\t\t\t\t<div class=\"elementor-column elementor-col-100 elementor-top-column elementor-element elementor-element-168032a7\" data-id=\"168032a7\" data-element_type=\"column\" data-e-type=\"column\">\n\t\t\t<div class=\"elementor-widget-wrap elementor-element-populated\">\n\t\t\t\t\t\t<div class=\"elementor-element elementor-element-dc17dd3 elementor-widget elementor-widget-heading\" data-id=\"dc17dd3\" data-element_type=\"widget\" data-e-type=\"widget\" data-widget_type=\"heading.default\">\n\t\t\t\t<div class=\"elementor-widget-container\">\n\t\t\t\t\t<h3 class=\"elementor-heading-title elementor-size-default\">All prices in shekel<\/h3>\t\t\t\t<\/div>\n\t\t\t\t<\/div>\n\t\t\t\t<div class=\"elementor-element elementor-element-761cdc6 elementor-widget elementor-widget-text-editor\" data-id=\"761cdc6\" data-element_type=\"widget\" data-e-type=\"widget\" data-widget_type=\"text-editor.default\">\n\t\t\t\t<div class=\"elementor-widget-container\">\n\t\t\t\t\t\t\t\t\t<p>Here you can make a booking request. Enter your arrival and departure date and how many you are and you will see what is available. Choose the type of room you want.&nbsp;<br>Prices are in NIS without VAT. Only Israeli guest have to pay VAT.&nbsp;<\/p>\t\t\t\t\t\t\t\t<\/div>\n\t\t\t\t<\/div>\n\t\t\t\t<div class=\"elementor-element elementor-element-48cd6018 elementor-widget elementor-widget-text-editor\" data-id=\"48cd6018\" data-element_type=\"widget\" data-e-type=\"widget\" data-widget_type=\"text-editor.default\">\n\t\t\t\t<div class=\"elementor-widget-container\">\n\t\t\t\t\t\t\t\t\t<p><script async src=\"https:\/\/secured.sirvoy.com\/widget\/sirvoy.js\" data-form-id=\"57d844858c310\" data-wp-plugin-version=\"5.1\"><\/script><\/p>\n\t\t\t\t\t\t\t\t<\/div>\n\t\t\t\t<\/div>\n\t\t\t\t\t<\/div>\n\t\t<\/div>\n\t\t\t\t\t<\/div>\n\t\t<\/section>\n\t\t\t\t<\/div>","protected":false},"excerpt":{"rendered":"<p>OBS! Alla priser \u00e4r i shekel H\u00e4r kan du g\u00f6ra en bokningsf\u00f6rfr\u00e5gan. Ange n\u00e4r du kommer och n\u00e4r du l\u00e4mnar samt hur m\u00e5nga ni \u00e4r s\u00e5 visar sig valbara rum. Ange vilka rum ni \u00f6nskar.&nbsp;Rumspriserna \u00e4r i NIS utan VAT. Endast Israeliska g\u00e4ster m\u00e5ste betala VAT.&nbsp;<\/p>","protected":false},"author":1,"featured_media":0,"parent":0,"menu_order":0,"comment_status":"closed","ping_status":"closed","template":"","meta":{"footnotes":""},"class_list":["post-262","page","type-page","status-publish","hentry"],"_links":{"self":[{"href":"http:\/\/www.hotelorit.com\/en\/wp-json\/wp\/v2\/pages\/262","targetHints":{"allow":["GET"]}}],"collection":[{"href":"http:\/\/www.hotelorit.com\/en\/wp-json\/wp\/v2\/pages"}],"about":[{"href":"http:\/\/www.hotelorit.com\/en\/wp-json\/wp\/v2\/types\/page"}],"author":[{"embeddable":true,"href":"http:\/\/www.hotelorit.com\/en\/wp-json\/wp\/v2\/users\/1"}],"replies":[{"embeddable":true,"href":"http:\/\/www.hotelorit.com\/en\/wp-json\/wp\/v2\/comments?post=262"}],"version-history":[{"count":12,"href":"http:\/\/www.hotelorit.com\/en\/wp-json\/wp\/v2\/pages\/262\/revisions"}],"predecessor-version":[{"id":504,"href":"http:\/\/www.hotelorit.com\/en\/wp-json\/wp\/v2\/pages\/262\/revisions\/504"}],"wp:attachment":[{"href":"http:\/\/www.hotelorit.com\/en\/wp-json\/wp\/v2\/media?parent=262"}],"curies":[{"name":"wp","href":"https:\/\/api.w.org\/{rel}","templated":true}]}}